{"id":320,"date":"2023-08-06T18:45:09","date_gmt":"2023-08-06T18:45:09","guid":{"rendered":"https:\/\/d-mashina.net\/?page_id=320"},"modified":"2023-08-06T18:45:11","modified_gmt":"2023-08-06T18:45:11","slug":"o-meni-2","status":"publish","type":"page","link":"https:\/\/d-mashina.net\/index.php\/o-meni-2\/","title":{"rendered":"O meni"},"content":{"rendered":"<p>Bing AI sem vpra\u0161al naj napi\u0161e kaj o meni in dobil slede\u010de:<\/p>\n<p>Davor Guttierrez je izku\u0161en IT DevOps in\u017eenir, ki ima ve\u010d kot 30 let izku\u0161enj z delom z Linux in UNIX sistemi. Ima razli\u010dne IT certifikate, med drugim RHCE, RHCVA, VCP, SCSA in \u0161e ve\u010d. Davor Guttierrez se pona\u0161a z impresivnim ozadjem upravljanja po\u0161tnih stre\u017enikov, spletnih stre\u017enikov in re\u0161itev za podjetni\u0161ko po\u0161to, kot so Groupwise, Lotus in Exchange.<\/p>\n<p>&nbsp;<\/p>\n","protected":false},"excerpt":{"rendered":"<p>Bing AI sem vpra\u0161al naj napi\u0161e kaj o meni in dobil slede\u010de: Davor Guttierrez je izku\u0161en IT DevOps in\u017eenir, ki ima ve\u010d kot 30 let izku\u0161enj z delom [&hellip;]<\/p>\n","protected":false},"author":1,"featured_media":0,"parent":0,"menu_order":0,"comment_status":"closed","ping_status":"closed","template":"","meta":{"footnotes":""},"class_list":["post-320","page","type-page","status-publish","hentry"],"_links":{"self":[{"href":"https:\/\/d-mashina.net\/index.php\/wp-json\/wp\/v2\/pages\/320","targetHints":{"allow":["GET"]}}],"collection":[{"href":"https:\/\/d-mashina.net\/index.php\/wp-json\/wp\/v2\/pages"}],"about":[{"href":"https:\/\/d-mashina.net\/index.php\/wp-json\/wp\/v2\/types\/page"}],"author":[{"embeddable":true,"href":"https:\/\/d-mashina.net\/index.php\/wp-json\/wp\/v2\/users\/1"}],"replies":[{"embeddable":true,"href":"https:\/\/d-mashina.net\/index.php\/wp-json\/wp\/v2\/comments?post=320"}],"version-history":[{"count":1,"href":"https:\/\/d-mashina.net\/index.php\/wp-json\/wp\/v2\/pages\/320\/revisions"}],"predecessor-version":[{"id":321,"href":"https:\/\/d-mashina.net\/index.php\/wp-json\/wp\/v2\/pages\/320\/revisions\/321"}],"wp:attachment":[{"href":"https:\/\/d-mashina.net\/index.php\/wp-json\/wp\/v2\/media?parent=320"}],"curies":[{"name":"wp","href":"https:\/\/api.w.org\/{rel}","templated":true}]}}